{"id":1094,"date":"2024-05-16T23:00:43","date_gmt":"2024-05-16T21:00:43","guid":{"rendered":"https:\/\/urgenciasfml.com\/?page_id=1094"},"modified":"2024-05-17T09:03:01","modified_gmt":"2024-05-17T07:03:01","slug":"curso-sva","status":"publish","type":"page","link":"https:\/\/urgenciasfml.com\/index.php\/curso-sva\/","title":{"rendered":"Curso SVA"},"content":{"rendered":"\t\t<div data-elementor-type=\"wp-page\" data-elementor-id=\"1094\" class=\"elementor elementor-1094\">\n\t\t\t\t<div class=\"elementor-element elementor-element-35eb755 e-flex e-con-boxed e-con e-parent\" data-id=\"35eb755\" data-element_type=\"container\" data-e-type=\"container\">\n\t\t\t\t\t<div class=\"e-con-inner\">\n\t\t<div class=\"elementor-element elementor-element-fca9fe0 e-con-full e-flex e-con e-child\" data-id=\"fca9fe0\" data-element_type=\"container\" data-e-type=\"container\">\n\t\t\t\t<div class=\"elementor-element elementor-element-2ac21c6 elementor-widget elementor-widget-text-editor\" data-id=\"2ac21c6\" data-element_type=\"widget\" data-e-type=\"widget\" data-widget_type=\"text-editor.default\">\n\t\t\t\t<div class=\"elementor-widget-container\">\n\t\t\t\t\t\t\t\t\t<h4>Renueva tu Certificaci\u00f3n en Soporte Vital Avanzado con Urgencias FML.<\/h4><p>En Urgencias FML, nos dedicamos a proporcionar formaci\u00f3n de excelencia en soporte vital avanzado (SVA) para profesionales sanitarios. Nuestros cursos, siguiendo la normativa del Plan Nacional de RCP, est\u00e1n dirigidos para aquellos profesionales que trabajen en Unidades Monitorizadas que necesitan renovar sus certificaciones y para los que no hayan recibido ning\u00fan curso.<\/p><h4>\u00bfPor Qu\u00e9 Elegir Nuestros Cursos de Soporte Vital Avanzado?<\/h4><ol><li><p><strong>Expertos en el Campo<\/strong>: Nuestro equipo est\u00e1 compuesto por profesionales de urgencias con a\u00f1os de experiencia tanto en el \u00e1mbito cl\u00ednico como en la formaci\u00f3n. Cada instructor est\u00e1 certificado y se mantiene actualizado con las \u00faltimas gu\u00edas y protocolos de reanimaci\u00f3n avanzada. Adem\u00e1s, todos forman parte del profesorado de prestigiosos masters de conocidas universidades espa\u00f1olas.<\/p><\/li><li><p><strong>Material de Alta Calidad<\/strong>: Utilizamos equipos propios de simulaci\u00f3n y materiales did\u00e1cticos de \u00faltima generaci\u00f3n para asegurar que los participantes adquieran las competencias necesarias en un entorno seguro y controlado.<\/p><\/li><li><p><strong>Flexibilidad y Comodidad<\/strong>: Ofrecemos la posibilidad de desplazarnos a sus instalaciones, proporcionando una formaci\u00f3n personalizada y adaptada a sus necesidades espec\u00edficas.<\/p><\/li><li><p><strong>Certificaci\u00f3n Reconocida<\/strong>: Al completar con \u00e9xito nuestros cursos, los participantes recibir\u00e1n una certificaci\u00f3n en Soporte Vital Avanzado reconocida por el Plan Nacional de RCP.<\/p><\/li><li><p>Adem\u00e1s, si eliges venir al <strong>Hospital Quir\u00f3nsalud de M\u00e1laga<\/strong> para tu formaci\u00f3n, tendr\u00e1s a tu disposici\u00f3n <strong>la sala de simulaci\u00f3n del centro<\/strong>. Certificada por la SESSEP (Sociedad Espa\u00f1ola de Simulaci\u00f3n Cl\u00ednica y Seguridad del Paciente) para una experiencia formativa de alta fidelidad, mucho m\u00e1s m\u00e1s realista e inmersiva.<\/p><\/li><\/ol><h4>Detalles del Curso de Soporte Vital Avanzado<\/h4><ul><li><p>Requisitos:<\/p><ul><li>Ser m\u00e9dico o enfermera<\/li><li>Tener una certificaci\u00f3n previa en Soporte Vital Avanzado (para la renovaci\u00f3n)<\/li><\/ul><\/li><li><p>Modalidades:<\/p><ul><li>Presencial: Formaci\u00f3n pr\u00e1ctica intensiva con simulaciones reales.<\/li><li>Semipresencial: Combinaci\u00f3n de m\u00f3dulos te\u00f3ricos online con sesiones pr\u00e1cticas presenciales.<\/li><\/ul><\/li><\/ul>\t\t\t\t\t\t\t\t<\/div>\n\t\t\t\t<\/div>\n\t\t\t\t<\/div>\n\t\t<div class=\"elementor-element elementor-element-8a24b28 e-con-full e-flex e-con e-child\" data-id=\"8a24b28\" data-element_type=\"container\" data-e-type=\"container\">\n\t\t\t\t<div class=\"elementor-element elementor-element-ab0e8d4 elementor-widget elementor-widget-text-editor\" data-id=\"ab0e8d4\" data-element_type=\"widget\" data-e-type=\"widget\" data-widget_type=\"text-editor.default\">\n\t\t\t\t<div class=\"elementor-widget-container\">\n\t\t\t\t\t\t\t\t\t<h4>Programa para completar la Formaci\u00f3n para Instructores<\/h4><p>Para aquellos interesados en completar su proceso de formaci\u00f3n en instructores de Soporte Vital Avanzado, ofrecemos la posibilidad de unirte a nuestros cursos.<\/p>\t\t\t\t\t\t\t\t<\/div>\n\t\t\t\t<\/div>\n\t\t\t\t<div class=\"elementor-element elementor-element-730fc19 elementor-arrows-position-inside elementor-pagination-position-outside elementor-widget elementor-widget-image-carousel\" data-id=\"730fc19\" data-element_type=\"widget\" data-e-type=\"widget\" data-settings=\"{&quot;navigation&quot;:&quot;both&quot;,&quot;autoplay&quot;:&quot;yes&quot;,&quot;pause_on_hover&quot;:&quot;yes&quot;,&quot;pause_on_interaction&quot;:&quot;yes&quot;,&quot;autoplay_speed&quot;:5000,&quot;infinite&quot;:&quot;yes&quot;,&quot;speed&quot;:500}\" data-widget_type=\"image-carousel.default\">\n\t\t\t\t<div class=\"elementor-widget-container\">\n\t\t\t\t\t\t\t<div class=\"elementor-image-carousel-wrapper swiper\" role=\"region\" aria-roledescription=\"carousel\" aria-label=\"Image Carousel\" dir=\"ltr\">\n\t\t\t<div class=\"elementor-image-carousel swiper-wrapper\" aria-live=\"off\">\n\t\t\t\t\t\t\t\t<div class=\"swiper-slide\" role=\"group\" aria-roledescription=\"slide\" aria-label=\"1 of 11\"><figure class=\"swiper-slide-inner\"><img decoding=\"async\" class=\"swiper-slide-image\" src=\"https:\/\/urgenciasfml.com\/wp-content\/uploads\/2024\/04\/3D1A3276-C15C-4064-92F8-102707600B81_1_105_c-150x150.jpeg\" alt=\"Cursos SVA\" \/><\/figure><\/div><div class=\"swiper-slide\" role=\"group\" aria-roledescription=\"slide\" aria-label=\"2 of 11\"><figure class=\"swiper-slide-inner\"><img decoding=\"async\" class=\"swiper-slide-image\" src=\"https:\/\/urgenciasfml.com\/wp-content\/uploads\/2024\/02\/simul-74-150x150.jpeg\" alt=\"Cursos SVA\" \/><\/figure><\/div><div class=\"swiper-slide\" role=\"group\" aria-roledescription=\"slide\" aria-label=\"3 of 11\"><figure class=\"swiper-slide-inner\"><img decoding=\"async\" class=\"swiper-slide-image\" src=\"https:\/\/urgenciasfml.com\/wp-content\/uploads\/2024\/02\/IMG_6838-150x150.jpeg\" alt=\"Cursos SVA\" \/><\/figure><\/div><div class=\"swiper-slide\" role=\"group\" aria-roledescription=\"slide\" aria-label=\"4 of 11\"><figure class=\"swiper-slide-inner\"><img decoding=\"async\" class=\"swiper-slide-image\" src=\"https:\/\/urgenciasfml.com\/wp-content\/uploads\/2024\/02\/SVA-8-150x150.jpeg\" alt=\"Cursos SVA\" \/><\/figure><\/div><div class=\"swiper-slide\" role=\"group\" aria-roledescription=\"slide\" aria-label=\"5 of 11\"><figure class=\"swiper-slide-inner\"><img decoding=\"async\" class=\"swiper-slide-image\" src=\"https:\/\/urgenciasfml.com\/wp-content\/uploads\/2024\/02\/SVA-7-150x150.jpeg\" alt=\"Cursos SVA\" \/><\/figure><\/div><div class=\"swiper-slide\" role=\"group\" aria-roledescription=\"slide\" aria-label=\"6 of 11\"><figure class=\"swiper-slide-inner\"><img decoding=\"async\" class=\"swiper-slide-image\" src=\"https:\/\/urgenciasfml.com\/wp-content\/uploads\/2024\/02\/SVA-4-150x150.jpeg\" alt=\"Cursos SVA\" \/><\/figure><\/div><div class=\"swiper-slide\" role=\"group\" aria-roledescription=\"slide\" aria-label=\"7 of 11\"><figure class=\"swiper-slide-inner\"><img decoding=\"async\" class=\"swiper-slide-image\" src=\"https:\/\/urgenciasfml.com\/wp-content\/uploads\/2024\/02\/SVA-3-150x150.jpeg\" alt=\"Cursos SVA\" \/><\/figure><\/div><div class=\"swiper-slide\" role=\"group\" aria-roledescription=\"slide\" aria-label=\"8 of 11\"><figure class=\"swiper-slide-inner\"><img decoding=\"async\" class=\"swiper-slide-image\" src=\"https:\/\/urgenciasfml.com\/wp-content\/uploads\/2024\/02\/SVA-2-150x150.jpeg\" alt=\"Cursos SVA\" \/><\/figure><\/div><div class=\"swiper-slide\" role=\"group\" aria-roledescription=\"slide\" aria-label=\"9 of 11\"><figure class=\"swiper-slide-inner\"><img decoding=\"async\" class=\"swiper-slide-image\" src=\"https:\/\/urgenciasfml.com\/wp-content\/uploads\/2024\/02\/SVA-1-1-150x150.jpeg\" alt=\"Cursos SVA\" \/><\/figure><\/div><div class=\"swiper-slide\" role=\"group\" aria-roledescription=\"slide\" aria-label=\"10 of 11\"><figure class=\"swiper-slide-inner\"><img decoding=\"async\" class=\"swiper-slide-image\" src=\"https:\/\/urgenciasfml.com\/wp-content\/uploads\/2024\/02\/IMG_6839-150x150.jpeg\" alt=\"Cursos SVA\" \/><\/figure><\/div><div class=\"swiper-slide\" role=\"group\" aria-roledescription=\"slide\" aria-label=\"11 of 11\"><figure class=\"swiper-slide-inner\"><img decoding=\"async\" class=\"swiper-slide-image\" src=\"https:\/\/urgenciasfml.com\/wp-content\/uploads\/2024\/02\/simul-81-150x150.jpeg\" alt=\"Cursos SVA\" \/><\/figure><\/div>\t\t\t<\/div>\n\t\t\t\t\t\t\t\t\t\t\t\t<div class=\"elementor-swiper-button elementor-swiper-button-prev\" role=\"button\" tabindex=\"0\">\n\t\t\t\t\t\t<svg aria-hidden=\"true\" class=\"e-font-icon-svg e-eicon-chevron-left\" viewBox=\"0 0 1000 1000\" xmlns=\"http:\/\/www.w3.org\/2000\/svg\"><path d=\"M646 125C629 125 613 133 604 142L308 442C296 454 292 471 292 487 292 504 296 521 308 533L604 854C617 867 629 875 646 875 663 875 679 871 692 858 704 846 713 829 713 812 713 796 708 779 692 767L438 487 692 225C700 217 708 204 708 187 708 171 704 154 692 142 675 129 663 125 646 125Z\"><\/path><\/svg>\t\t\t\t\t<\/div>\n\t\t\t\t\t<div class=\"elementor-swiper-button elementor-swiper-button-next\" role=\"button\" tabindex=\"0\">\n\t\t\t\t\t\t<svg aria-hidden=\"true\" class=\"e-font-icon-svg e-eicon-chevron-right\" viewBox=\"0 0 1000 1000\" xmlns=\"http:\/\/www.w3.org\/2000\/svg\"><path d=\"M696 533C708 521 713 504 713 487 713 471 708 454 696 446L400 146C388 133 375 125 354 125 338 125 325 129 313 142 300 154 292 171 292 187 292 204 296 221 308 233L563 492 304 771C292 783 288 800 288 817 288 833 296 850 308 863 321 871 338 875 354 875 371 875 388 867 400 854L696 533Z\"><\/path><\/svg>\t\t\t\t\t<\/div>\n\t\t\t\t\n\t\t\t\t\t\t\t\t\t<div class=\"swiper-pagination\"><\/div>\n\t\t\t\t\t\t\t\t\t<\/div>\n\t\t\t\t\t\t<\/div>\n\t\t\t\t<\/div>\n\t\t<div class=\"elementor-element elementor-element-cd06ca3 e-flex e-con-boxed e-con e-child\" data-id=\"cd06ca3\" data-element_type=\"container\" data-e-type=\"container\">\n\t\t\t\t\t<div class=\"e-con-inner\">\n\t\t\t\t<div class=\"elementor-element elementor-element-ddf67a2 elementor-widget elementor-widget-text-editor\" data-id=\"ddf67a2\" data-element_type=\"widget\" data-e-type=\"widget\" data-widget_type=\"text-editor.default\">\n\t\t\t\t<div class=\"elementor-widget-container\">\n\t\t\t\t\t\t\t\t\t<h3 style=\"text-align: center;\"><span style=\"color: #ffffff;\">Nuestra Trayectoria y Compromiso con la Excelencia<\/span><\/h3><p>Nos enorgullecemos de llevar m\u00e1s de 15 a\u00f1os dedicados a la formaci\u00f3n de profesionales sanitarios en soporte vital avanzado y b\u00e1sico. Durante este tiempo, hemos construido una reputaci\u00f3n basada en la calidad y la excelencia de nuestros programas formativos.<\/p><p>A lo largo de estos a\u00f1os, hemos tenido el privilegio de capacitar a cientos de profesionales, ayud\u00e1ndoles a adquirir y perfeccionar habilidades cr\u00edticas que pueden marcar la diferencia en situaciones de emergencia. Nuestro compromiso con la educaci\u00f3n de alta calidad se refleja en los resultados sobresalientes que obtenemos constantemente en las encuestas de satisfacci\u00f3n an\u00f3nimas de nuestros alumnos. Adem\u00e1s de intentar cumplir con las expectativas de los alumnos, nos esforzamos por superarlas en cada oportunidad.<\/p><p>Lo que realmente distingue a <strong>Urgencias FML<\/strong> es nuestro enfoque centrado en el alumno. Entendemos que <strong>nuestros alumnos son el coraz\u00f3n de nuestra actividad<\/strong>, y cada esfuerzo que realizamos est\u00e1 dirigido a proporcionarles una experiencia formativa excepcional. Desde la selecci\u00f3n de nuestro equipo de formadores, que son expertos en su campo, hasta el uso de tecnolog\u00eda de simulaci\u00f3n de alta fidelidad, cada detalle est\u00e1 cuidadosamente dise\u00f1ado para ofrecer el mejor aprendizaje posible.<\/p><p>Nuestro objetivo es claro: continuar ofreciendo formaci\u00f3n de la m\u00e1s alta calidad, adapt\u00e1ndonos a las necesidades cambiantes del entorno sanitario y asegur\u00e1ndonos de que cada alumno salga de nuestros cursos mejor preparado y m\u00e1s confiado en sus habilidades. La satisfacci\u00f3n y el \u00e9xito de nuestros alumnos son nuestra mayor recompensa y la raz\u00f3n por la que seguimos dedicados a esta importante misi\u00f3n.<\/p><p>En Urgencias FML, no solo ense\u00f1amos t\u00e9cnicas de soporte vital; construimos confianza, competencia y un compromiso duradero con la excelencia en la atenci\u00f3n sanitaria. Esperamos seguir formando a los profesionales de la salud del ma\u00f1ana, manteniendo nuestros est\u00e1ndares de calidad y satisfacci\u00f3n al m\u00e1s alto nivel.<\/p>\t\t\t\t\t\t\t\t<\/div>\n\t\t\t\t<\/div>\n\t\t\t\t\t<\/div>\n\t\t\t\t<\/div>\n\t\t\t\t<\/div>\n\t\t\t\t\t<\/div>\n\t\t\t\t<\/div>\n\t\t<div class=\"elementor-element elementor-element-7352842 e-flex e-con-boxed e-con e-parent\" data-id=\"7352842\" data-element_type=\"container\" data-e-type=\"container\">\n\t\t\t\t\t<div class=\"e-con-inner\">\n\t\t\t\t<div class=\"elementor-element elementor-element-c684ce8 elementor-widget elementor-widget-text-editor\" data-id=\"c684ce8\" data-element_type=\"widget\" data-e-type=\"widget\" data-widget_type=\"text-editor.default\">\n\t\t\t\t<div class=\"elementor-widget-container\">\n\t\t\t\t\t\t\t\t\t<h4><strong>Inscripci\u00f3n y Contacto<\/strong><\/h4><p>No pierda la oportunidad de adquirir habilidades vitales y obtener una certificaci\u00f3n reconocida en Soporte Vital Avanzado. Para inscribirse en nuestros cursos o para obtener m\u00e1s informaci\u00f3n, por favor cont\u00e1ctenos:<\/p><ul><li><strong>Correo Electr\u00f3nico:<\/strong> urgenciasfml@gmail.com<\/li><\/ul>\t\t\t\t\t\t\t\t<\/div>\n\t\t\t\t<\/div>\n\t\t\t\t\t<\/div>\n\t\t\t\t<\/div>\n\t\t<div class=\"elementor-element elementor-element-ece77e4 e-flex e-con-boxed e-con e-parent\" data-id=\"ece77e4\" data-element_type=\"container\" data-e-type=\"container\">\n\t\t\t\t\t<div class=\"e-con-inner\">\n\t\t\t\t<div class=\"elementor-element elementor-element-de0d9e4 elementor-align-center elementor-widget elementor-widget-button\" data-id=\"de0d9e4\" data-element_type=\"widget\" data-e-type=\"widget\" data-widget_type=\"button.default\">\n\t\t\t\t<div class=\"elementor-widget-container\">\n\t\t\t\t\t\t\t\t\t<div class=\"elementor-button-wrapper\">\n\t\t\t\t\t<a class=\"elementor-button elementor-button-link elementor-size-sm\" href=\"https:\/\/forms.gle\/Y2W2R5u1oAdNEURX8\">\n\t\t\t\t\t\t<span class=\"elementor-button-content-wrapper\">\n\t\t\t\t\t\t<span class=\"elementor-button-icon\">\n\t\t\t\t<svg aria-hidden=\"true\" class=\"e-font-icon-svg e-far-edit\" viewBox=\"0 0 576 512\" xmlns=\"http:\/\/www.w3.org\/2000\/svg\"><path d=\"M402.3 344.9l32-32c5-5 13.7-1.5 13.7 5.7V464c0 26.5-21.5 48-48 48H48c-26.5 0-48-21.5-48-48V112c0-26.5 21.5-48 48-48h273.5c7.1 0 10.7 8.6 5.7 13.7l-32 32c-1.5 1.5-3.5 2.3-5.7 2.3H48v352h352V350.5c0-2.1.8-4.1 2.3-5.6zm156.6-201.8L296.3 405.7l-90.4 10c-26.2 2.9-48.5-19.2-45.6-45.6l10-90.4L432.9 17.1c22.9-22.9 59.9-22.9 82.7 0l43.2 43.2c22.9 22.9 22.9 60 .1 82.8zM460.1 174L402 115.9 216.2 301.8l-7.3 65.3 65.3-7.3L460.1 174zm64.8-79.7l-43.2-43.2c-4.1-4.1-10.8-4.1-14.8 0L436 82l58.1 58.1 30.9-30.9c4-4.2 4-10.8-.1-14.9z\"><\/path><\/svg>\t\t\t<\/span>\n\t\t\t\t\t\t\t\t\t<span class=\"elementor-button-text\">Realiza tu PREINSCRIPCI\u00d3N<\/span>\n\t\t\t\t\t<\/span>\n\t\t\t\t\t<\/a>\n\t\t\t\t<\/div>\n\t\t\t\t\t\t\t\t<\/div>\n\t\t\t\t<\/div>\n\t\t\t\t\t<\/div>\n\t\t\t\t<\/div>\n\t\t\t\t<\/div>\n\t\t","protected":false},"excerpt":{"rendered":"<p>Renueva tu Certificaci\u00f3n en Soporte Vital Avanzado con Urgencias FML. En Urgencias FML, nos dedicamos a proporcionar formaci\u00f3n de excelencia [&hellip;]<\/p>\n","protected":false},"author":1,"featured_media":43,"parent":0,"menu_order":0,"comment_status":"closed","ping_status":"closed","template":"","meta":{"om_disable_all_campaigns":false,"_monsterinsights_skip_tracking":false,"_monsterinsights_sitenote_active":false,"_monsterinsights_sitenote_note":"","_monsterinsights_sitenote_category":0,"ocean_post_layout":"","ocean_both_sidebars_style":"","ocean_both_sidebars_content_width":0,"ocean_both_sidebars_sidebars_width":0,"ocean_sidebar":"","ocean_second_sidebar":"","ocean_disable_margins":"enable","ocean_add_body_class":"","ocean_shortcode_before_top_bar":"","ocean_shortcode_after_top_bar":"","ocean_shortcode_before_header":"","ocean_shortcode_after_header":"","ocean_has_shortcode":"","ocean_shortcode_after_title":"","ocean_shortcode_before_footer_widgets":"","ocean_shortcode_after_footer_widgets":"","ocean_shortcode_before_footer_bottom":"","ocean_shortcode_after_footer_bottom":"","ocean_display_top_bar":"default","ocean_display_header":"default","ocean_header_style":"","ocean_center_header_left_menu":"","ocean_custom_header_template":"","ocean_custom_logo":0,"ocean_custom_retina_logo":0,"ocean_custom_logo_max_width":0,"ocean_custom_logo_tablet_max_width":0,"ocean_custom_logo_mobile_max_width":0,"ocean_custom_logo_max_height":0,"ocean_custom_logo_tablet_max_height":0,"ocean_custom_logo_mobile_max_height":0,"ocean_header_custom_menu":"","ocean_menu_typo_font_family":"","ocean_menu_typo_font_subset":"","ocean_menu_typo_font_size":0,"ocean_menu_typo_font_size_tablet":0,"ocean_menu_typo_font_size_mobile":0,"ocean_menu_typo_font_size_unit":"px","ocean_menu_typo_font_weight":"","ocean_menu_typo_font_weight_tablet":"","ocean_menu_typo_font_weight_mobile":"","ocean_menu_typo_transform":"","ocean_menu_typo_transform_tablet":"","ocean_menu_typo_transform_mobile":"","ocean_menu_typo_line_height":0,"ocean_menu_typo_line_height_tablet":0,"ocean_menu_typo_line_height_mobile":0,"ocean_menu_typo_line_height_unit":"","ocean_menu_typo_spacing":0,"ocean_menu_typo_spacing_tablet":0,"ocean_menu_typo_spacing_mobile":0,"ocean_menu_typo_spacing_unit":"","ocean_menu_link_color":"","ocean_menu_link_color_hover":"","ocean_menu_link_color_active":"","ocean_menu_link_background":"","ocean_menu_link_hover_background":"","ocean_menu_link_active_background":"","ocean_menu_social_links_bg":"","ocean_menu_social_hover_links_bg":"","ocean_menu_social_links_color":"","ocean_menu_social_hover_links_color":"","ocean_disable_title":"default","ocean_disable_heading":"default","ocean_post_title":"","ocean_post_subheading":"","ocean_post_title_style":"","ocean_post_title_background_color":"","ocean_post_title_background":0,"ocean_post_title_bg_image_position":"","ocean_post_title_bg_image_attachment":"","ocean_post_title_bg_image_repeat":"","ocean_post_title_bg_image_size":"","ocean_post_title_height":0,"ocean_post_title_bg_overlay":0.5,"ocean_post_title_bg_overlay_color":"","ocean_disable_breadcrumbs":"default","ocean_breadcrumbs_color":"","ocean_breadcrumbs_separator_color":"","ocean_breadcrumbs_links_color":"","ocean_breadcrumbs_links_hover_color":"","ocean_display_footer_widgets":"default","ocean_display_footer_bottom":"default","ocean_custom_footer_template":"","footnotes":""},"class_list":["post-1094","page","type-page","status-publish","has-post-thumbnail","hentry","entry","has-media"],"aioseo_notices":[],"_links":{"self":[{"href":"https:\/\/urgenciasfml.com\/index.php\/wp-json\/wp\/v2\/pages\/1094","targetHints":{"allow":["GET"]}}],"collection":[{"href":"https:\/\/urgenciasfml.com\/index.php\/wp-json\/wp\/v2\/pages"}],"about":[{"href":"https:\/\/urgenciasfml.com\/index.php\/wp-json\/wp\/v2\/types\/page"}],"author":[{"embeddable":true,"href":"https:\/\/urgenciasfml.com\/index.php\/wp-json\/wp\/v2\/users\/1"}],"replies":[{"embeddable":true,"href":"https:\/\/urgenciasfml.com\/index.php\/wp-json\/wp\/v2\/comments?post=1094"}],"version-history":[{"count":22,"href":"https:\/\/urgenciasfml.com\/index.php\/wp-json\/wp\/v2\/pages\/1094\/revisions"}],"predecessor-version":[{"id":1138,"href":"https:\/\/urgenciasfml.com\/index.php\/wp-json\/wp\/v2\/pages\/1094\/revisions\/1138"}],"wp:featuredmedia":[{"embeddable":true,"href":"https:\/\/urgenciasfml.com\/index.php\/wp-json\/wp\/v2\/media\/43"}],"wp:attachment":[{"href":"https:\/\/urgenciasfml.com\/index.php\/wp-json\/wp\/v2\/media?parent=1094"}],"curies":[{"name":"wp","href":"https:\/\/api.w.org\/{rel}","templated":true}]}}