{"id":1103,"date":"2024-05-17T00:06:58","date_gmt":"2024-05-16T22:06:58","guid":{"rendered":"https:\/\/urgenciasfml.com\/?page_id=1103"},"modified":"2024-05-17T09:08:05","modified_gmt":"2024-05-17T07:08:05","slug":"curso-svb-dea","status":"publish","type":"page","link":"https:\/\/urgenciasfml.com\/index.php\/curso-svb-dea\/","title":{"rendered":"Curso SVB + DEA"},"content":{"rendered":"\t\t<div data-elementor-type=\"wp-page\" data-elementor-id=\"1103\" class=\"elementor elementor-1103\">\n\t\t\t\t<div class=\"elementor-element elementor-element-5aa50e6 e-flex e-con-boxed e-con e-parent\" data-id=\"5aa50e6\" data-element_type=\"container\" data-e-type=\"container\">\n\t\t\t\t\t<div class=\"e-con-inner\">\n\t\t<div class=\"elementor-element elementor-element-baaca0d e-con-full e-flex e-con e-child\" data-id=\"baaca0d\" data-element_type=\"container\" data-e-type=\"container\">\n\t\t\t\t<div class=\"elementor-element elementor-element-19107ef elementor-widget elementor-widget-text-editor\" data-id=\"19107ef\" data-element_type=\"widget\" data-e-type=\"widget\" data-widget_type=\"text-editor.default\">\n\t\t\t\t<div class=\"elementor-widget-container\">\n\t\t\t\t\t\t\t\t\t<h4><strong>Obtenga su certificaci\u00f3n oficial por Plan Nacional de RCP en Soporte Vital B\u00e1sico y Desfibrilaci\u00f3n Semiautom\u00e1tica con Urgencias FML<\/strong><\/h4>\n<p>En Urgencias FML, ofrecemos formaci\u00f3n de alta calidad en soporte vital b\u00e1sico y desfibrilaci\u00f3n semiautom\u00e1tica (SVB-DEA) tanto para profesionales sanitarios como para la ciudadan\u00eda en general. Nuestro objetivo es proporcionar los conocimientos y habilidades fundamentales necesarios para responder eficazmente en situaciones de emergencia.<\/p>\n<h4><strong>\u00bfPor Qu\u00e9 Elegir Nuestros Cursos de Soporte Vital B\u00e1sico y Desfibrilaci\u00f3n Semiautom\u00e1tica?<\/strong><\/h4>\n<ol>\n<li>\n<p><strong>M\u00e1s de 15 A\u00f1os de Experiencia:<\/strong> Llevamos m\u00e1s de 15 a\u00f1os dedicados a la formaci\u00f3n en soporte vital b\u00e1sico y desfibrilaci\u00f3n semiautom\u00e1tica. Nuestra experiencia nos ha permitido perfeccionar nuestros m\u00e9todos de ense\u00f1anza y adaptarlos a las necesidades de nuestros alumnos, tanto profesionales como ciudadanos preocupados por la seguridad y el bienestar de su comunidad.<\/p>\n<\/li>\n<li>\n<p><strong>M\u00e1ximas Calificaciones en Satisfacci\u00f3n:<\/strong> A lo largo de estos a\u00f1os, hemos recibido constantemente las m\u00e1ximas calificaciones en encuestas de satisfacci\u00f3n de nuestros alumnos. Este \u00e9xito es un testimonio de nuestro compromiso inquebrantable con la calidad de la formaci\u00f3n que ofrecemos.<\/p>\n<\/li>\n<li>\n<p><strong>Formadores Expertos:<\/strong> Nuestro equipo de instructores est\u00e1 compuesto por profesionales sanitarios altamente calificados y con una amplia experiencia en emergencias y formaci\u00f3n. Ellos se dedican a proporcionar una ense\u00f1anza accesible y efectiva, asegurando que cada participante adquiera las habilidades necesarias para actuar con confianza.&nbsp;<span style=\"font-family: &quot;Roboto Condensed&quot;, sans-serif; font-size: 15px; font-style: normal; font-variant-ligatures: normal; font-variant-caps: normal; font-weight: 400; letter-spacing: 0.4px; text-align: var(--text-align);\">Adem\u00e1s, todos forman parte del profesorado de prestigiosos masters de conocidas universidades espa\u00f1olas.<\/span><\/p>\n<\/li>\n<li>\n<p><strong>Experiencia Inmersiva:<\/strong> Ofrecemos la posibilidad de realizar nuestros cursos en el Hospital Quir\u00f3nsalud de M\u00e1laga, utilizando su sala de simulaci\u00f3n de alta fidelidad. Esta experiencia inmersiva permite a los participantes practicar en un entorno realista, mejorando significativamente su preparaci\u00f3n para situaciones de emergencia reales.<\/p>\n<\/li>\n<li>\n<p><strong>Dirigido a Todos:<\/strong> Aunque nuestros cursos est\u00e1n dise\u00f1ados para profesionales sanitarios, tambi\u00e9n est\u00e1n abiertos a cualquier persona interesada en aprender t\u00e9cnicas de soporte vital y el uso de desfibriladores semiautom\u00e1ticos (DEA). Ya sea usted un profesional de la salud, un maestro, un trabajador de una empresa o un ciudadano comprometido con la seguridad de su comunidad, nuestros cursos de SVB-DEA le proporcionar\u00e1n las herramientas necesarias para salvar vidas.<\/p>\n<\/li>\n<\/ol>\t\t\t\t\t\t\t\t<\/div>\n\t\t\t\t<\/div>\n\t\t\t\t<\/div>\n\t\t<div class=\"elementor-element elementor-element-8c03a8d e-con-full e-flex e-con e-child\" data-id=\"8c03a8d\" data-element_type=\"container\" data-e-type=\"container\">\n\t\t\t\t<div class=\"elementor-element elementor-element-a691c23 elementor-widget elementor-widget-text-editor\" data-id=\"a691c23\" data-element_type=\"widget\" data-e-type=\"widget\" data-widget_type=\"text-editor.default\">\n\t\t\t\t<div class=\"elementor-widget-container\">\n\t\t\t\t\t\t\t\t\t<h4><strong>Nuestro Compromiso con la Calidad<\/strong><\/h4><p>En [Nombre del Grupo], nuestros alumnos son el centro de nuestra actividad. Nos esforzamos por ofrecer una formaci\u00f3n que no solo cumpla con los est\u00e1ndares m\u00e1s altos de calidad, sino que tambi\u00e9n est\u00e9 alineada con las \u00faltimas gu\u00edas y recomendaciones internacionales en resucitaci\u00f3n y soporte vital. Nuestro objetivo es continuar mejorando y adapt\u00e1ndonos para garantizar que cada alumno reciba una educaci\u00f3n de primer nivel y est\u00e9 plenamente preparado para actuar en emergencias.<\/p>\t\t\t\t\t\t\t\t<\/div>\n\t\t\t\t<\/div>\n\t\t\t\t<\/div>\n\t\t\t\t\t<\/div>\n\t\t\t\t<\/div>\n\t\t<div class=\"elementor-element elementor-element-445b83e e-flex e-con-boxed e-con e-parent\" data-id=\"445b83e\" data-element_type=\"container\" data-e-type=\"container\">\n\t\t\t\t\t<div class=\"e-con-inner\">\n\t\t\t\t<div class=\"elementor-element elementor-element-e6f90d3 elementor-widget elementor-widget-text-editor\" data-id=\"e6f90d3\" data-element_type=\"widget\" data-e-type=\"widget\" data-widget_type=\"text-editor.default\">\n\t\t\t\t<div class=\"elementor-widget-container\">\n\t\t\t\t\t\t\t\t\t<h4><strong>Inscripci\u00f3n y Contacto<\/strong><\/h4><p>No pierda la oportunidad de adquirir habilidades vitales y obtener una certificaci\u00f3n reconocida en Soporte Vital B\u00e1sico y Desfibrilaci\u00f3n Semiautom\u00e1tica. Para inscribirse en nuestros cursos o para obtener m\u00e1s informaci\u00f3n, por favor cont\u00e1ctenos:<\/p><ul><li><strong>Correo Electr\u00f3nico:<\/strong> urgenciasfml@gmail.com<\/li><\/ul>\t\t\t\t\t\t\t\t<\/div>\n\t\t\t\t<\/div>\n\t\t\t\t\t<\/div>\n\t\t\t\t<\/div>\n\t\t<div class=\"elementor-element elementor-element-a01e239 e-flex e-con-boxed e-con e-parent\" data-id=\"a01e239\" data-element_type=\"container\" data-e-type=\"container\">\n\t\t\t\t\t<div class=\"e-con-inner\">\n\t\t\t\t<div class=\"elementor-element elementor-element-1c6353d elementor-align-center elementor-widget elementor-widget-button\" data-id=\"1c6353d\" data-element_type=\"widget\" data-e-type=\"widget\" data-widget_type=\"button.default\">\n\t\t\t\t<div class=\"elementor-widget-container\">\n\t\t\t\t\t\t\t\t\t<div class=\"elementor-button-wrapper\">\n\t\t\t\t\t<a class=\"elementor-button elementor-button-link elementor-size-sm\" href=\"https:\/\/forms.gle\/PuULeQxPphdoj9ex8\">\n\t\t\t\t\t\t<span class=\"elementor-button-content-wrapper\">\n\t\t\t\t\t\t\t\t\t<span class=\"elementor-button-text\">Realiza tu PREINSCRIPCI\u00d3N<\/span>\n\t\t\t\t\t<\/span>\n\t\t\t\t\t<\/a>\n\t\t\t\t<\/div>\n\t\t\t\t\t\t\t\t<\/div>\n\t\t\t\t<\/div>\n\t\t\t\t\t<\/div>\n\t\t\t\t<\/div>\n\t\t\t\t<\/div>\n\t\t","protected":false},"excerpt":{"rendered":"<p>Obtenga su certificaci\u00f3n oficial por Plan Nacional de RCP en Soporte Vital B\u00e1sico y Desfibrilaci\u00f3n Semiautom\u00e1tica con Urgencias FML En [&hellip;]<\/p>\n","protected":false},"author":1,"featured_media":37,"parent":0,"menu_order":0,"comment_status":"closed","ping_status":"closed","template":"","meta":{"om_disable_all_campaigns":false,"_monsterinsights_skip_tracking":false,"_monsterinsights_sitenote_active":false,"_monsterinsights_sitenote_note":"","_monsterinsights_sitenote_category":0,"ocean_post_layout":"","ocean_both_sidebars_style":"","ocean_both_sidebars_content_width":0,"ocean_both_sidebars_sidebars_width":0,"ocean_sidebar":"","ocean_second_sidebar":"","ocean_disable_margins":"enable","ocean_add_body_class":"","ocean_shortcode_before_top_bar":"","ocean_shortcode_after_top_bar":"","ocean_shortcode_before_header":"","ocean_shortcode_after_header":"","ocean_has_shortcode":"","ocean_shortcode_after_title":"","ocean_shortcode_before_footer_widgets":"","ocean_shortcode_after_footer_widgets":"","ocean_shortcode_before_footer_bottom":"","ocean_shortcode_after_footer_bottom":"","ocean_display_top_bar":"default","ocean_display_header":"default","ocean_header_style":"","ocean_center_header_left_menu":"","ocean_custom_header_template":"","ocean_custom_logo":0,"ocean_custom_retina_logo":0,"ocean_custom_logo_max_width":0,"ocean_custom_logo_tablet_max_width":0,"ocean_custom_logo_mobile_max_width":0,"ocean_custom_logo_max_height":0,"ocean_custom_logo_tablet_max_height":0,"ocean_custom_logo_mobile_max_height":0,"ocean_header_custom_menu":"","ocean_menu_typo_font_family":"","ocean_menu_typo_font_subset":"","ocean_menu_typo_font_size":0,"ocean_menu_typo_font_size_tablet":0,"ocean_menu_typo_font_size_mobile":0,"ocean_menu_typo_font_size_unit":"px","ocean_menu_typo_font_weight":"","ocean_menu_typo_font_weight_tablet":"","ocean_menu_typo_font_weight_mobile":"","ocean_menu_typo_transform":"","ocean_menu_typo_transform_tablet":"","ocean_menu_typo_transform_mobile":"","ocean_menu_typo_line_height":0,"ocean_menu_typo_line_height_tablet":0,"ocean_menu_typo_line_height_mobile":0,"ocean_menu_typo_line_height_unit":"","ocean_menu_typo_spacing":0,"ocean_menu_typo_spacing_tablet":0,"ocean_menu_typo_spacing_mobile":0,"ocean_menu_typo_spacing_unit":"","ocean_menu_link_color":"","ocean_menu_link_color_hover":"","ocean_menu_link_color_active":"","ocean_menu_link_background":"","ocean_menu_link_hover_background":"","ocean_menu_link_active_background":"","ocean_menu_social_links_bg":"","ocean_menu_social_hover_links_bg":"","ocean_menu_social_links_color":"","ocean_menu_social_hover_links_color":"","ocean_disable_title":"default","ocean_disable_heading":"default","ocean_post_title":"","ocean_post_subheading":"","ocean_post_title_style":"","ocean_post_title_background_color":"","ocean_post_title_background":0,"ocean_post_title_bg_image_position":"","ocean_post_title_bg_image_attachment":"","ocean_post_title_bg_image_repeat":"","ocean_post_title_bg_image_size":"","ocean_post_title_height":0,"ocean_post_title_bg_overlay":0.5,"ocean_post_title_bg_overlay_color":"","ocean_disable_breadcrumbs":"default","ocean_breadcrumbs_color":"","ocean_breadcrumbs_separator_color":"","ocean_breadcrumbs_links_color":"","ocean_breadcrumbs_links_hover_color":"","ocean_display_footer_widgets":"default","ocean_display_footer_bottom":"default","ocean_custom_footer_template":"","footnotes":""},"class_list":["post-1103","page","type-page","status-publish","has-post-thumbnail","hentry","entry","has-media"],"aioseo_notices":[],"_links":{"self":[{"href":"https:\/\/urgenciasfml.com\/index.php\/wp-json\/wp\/v2\/pages\/1103","targetHints":{"allow":["GET"]}}],"collection":[{"href":"https:\/\/urgenciasfml.com\/index.php\/wp-json\/wp\/v2\/pages"}],"about":[{"href":"https:\/\/urgenciasfml.com\/index.php\/wp-json\/wp\/v2\/types\/page"}],"author":[{"embeddable":true,"href":"https:\/\/urgenciasfml.com\/index.php\/wp-json\/wp\/v2\/users\/1"}],"replies":[{"embeddable":true,"href":"https:\/\/urgenciasfml.com\/index.php\/wp-json\/wp\/v2\/comments?post=1103"}],"version-history":[{"count":13,"href":"https:\/\/urgenciasfml.com\/index.php\/wp-json\/wp\/v2\/pages\/1103\/revisions"}],"predecessor-version":[{"id":1142,"href":"https:\/\/urgenciasfml.com\/index.php\/wp-json\/wp\/v2\/pages\/1103\/revisions\/1142"}],"wp:featuredmedia":[{"embeddable":true,"href":"https:\/\/urgenciasfml.com\/index.php\/wp-json\/wp\/v2\/media\/37"}],"wp:attachment":[{"href":"https:\/\/urgenciasfml.com\/index.php\/wp-json\/wp\/v2\/media?parent=1103"}],"curies":[{"name":"wp","href":"https:\/\/api.w.org\/{rel}","templated":true}]}}